{"id":2614,"date":"2016-02-17T18:41:27","date_gmt":"2016-02-17T18:41:27","guid":{"rendered":"http:\/\/www.sinprofaz.org.br\/2016\/?page_id=2614"},"modified":"2022-01-17T08:30:13","modified_gmt":"2022-01-17T11:30:13","slug":"processo-de-filiacao-ao-sinprofaz","status":"publish","type":"page","link":"https:\/\/sinprofaz.org.br\/2024\/filiados-tutoriais\/processo-de-filiacao-ao-sinprofaz\/","title":{"rendered":"PROCESSO DE FILIA\u00c7\u00c3O AO SINPROFAZ"},"content":{"rendered":"<div>\n<p><span style=\"color: #000000; font-family: arial, sans-serif;\">1) Acesse o menu FILIADOS, no topo direito do site SINPROFAZ.<\/span><\/p>\n<\/div>\n<div>\n<p><span style=\"color: #000000; font-family: arial, sans-serif;\">2) Acesse o sub-menu\u00a0<strong><a href=\"https:\/\/areadofiliado.sinprofaz.org.br\/formulario\/\" target=\"_blank\" rel=\"noopener\" data-saferedirecturl=\"https:\/\/www.google.com\/url?q=http:\/\/www.sinprofaz.org.br\/filiacao\/&amp;source=gmail&amp;ust=1642186708943000&amp;usg=AOvVaw1QQQD_vCQTDYtHl1B0T_i6\">Formul\u00e1rio de Filia\u00e7\u00e3o<\/a>.<\/strong><\/span><\/p>\n<\/div>\n<div>\n<p><span style=\"color: #000000; font-family: arial, sans-serif;\">3) O formul\u00e1rio ser\u00e1 aberto em nova p\u00e1gina no seu navegador. Preencha-o corretamente com as informa\u00e7\u00f5es solicitadas.<\/span><\/p>\n<\/div>\n<p><span style=\"color: #000000; font-family: arial, sans-serif;\">4) Clique no bot\u00e3o \u201c<strong>Registrar<\/strong>\u201c.<\/span><\/p>\n<div>\n<p><span style=\"color: #000000; font-family: arial, sans-serif;\">4.1) Caso ocorra algum problema no encaminhamento do formul\u00e1rio, realize o seguinte procedimento:<\/span><\/p>\n<\/div>\n<p>a) Clique com o bot\u00e3o direito do mouse sobre o formul\u00e1rio preenchido<br \/>\nb) Clique na op\u00e7\u00e3o &#8220;Imprimir&#8221;<br \/>\nc) Escolha a op\u00e7\u00e3o &#8220;Salvar como PDF&#8221;<br \/>\nd) Escolha uma pasta de destino em seu computador para salvar o arquivo<br \/>\ne) Envie esse arquivo salvo para o e-mail\u00a0<a href=\"mailto:sinprofaz@sinprofaz.org.br\" target=\"_blank\" rel=\"noopener\">secretaria@sinprofaz.<wbr \/>org.br<\/a>, comunicando o problema e solicitando a filia\u00e7\u00e3o.<\/p>\n<p><span style=\"color: #000000; font-family: arial, sans-serif;\">5) Em continuidade, para que sua filia\u00e7\u00e3o seja efetivada, realize o procedimento de Autoriza\u00e7\u00e3o de Consigna\u00e7\u00e3o no Portal do Servidor, seguindo os passos descritos abaixo:<\/span><\/p>\n<div>\n<div>5.1 &#8211; Acesse o portal do servidor (SIGEPE):\u00a0<a href=\"http:\/\/servidor.sigepe.planejamento.gov.br\/\" target=\"_blank\" rel=\"noopener\" data-saferedirecturl=\"https:\/\/www.google.com\/url?q=http:\/\/servidor.sigepe.planejamento.gov.br\/&amp;source=gmail&amp;ust=1642186708943000&amp;usg=AOvVaw1qkUra7Zm-2zzDyEymMlt2\">servidor.sigepe.<wbr \/>planejamento.gov.br<\/a>;<\/div>\n<\/div>\n<div>\n<div>5.2 &#8211; Na \u00c1rea de Trabalho \/ Consigna\u00e7\u00f5es \/ Gerar Autoriza\u00e7\u00e3o de Consignat\u00e1rio, fa\u00e7a as sele\u00e7\u00f5es conforme indica\u00e7\u00e3o a seguir:<\/div>\n<\/div>\n<div>\n<div>\u00a0 a) Tipo de Consigna\u00e7\u00e3o (selecione Desconto Sindicato);<\/div>\n<\/div>\n<div>\n<div>\u00a0 b) Selecione o Consignat\u00e1rio (selecione Sindicato Nacional dos Procuradores da Fazenda Nacional);<\/div>\n<\/div>\n<div>\n<p>5.3 &#8211; O pr\u00f3ximo passo \u00e9 a Confirma\u00e7\u00e3o da Solicita\u00e7\u00e3o de Autoriza\u00e7\u00e3o de Consignat\u00e1rio, que ser\u00e1 enviada por e-mail. Basta seguir as orienta\u00e7\u00f5es do sistema.<\/p>\n<p><span style=\"color: #000000; font-family: arial, sans-serif;\">6) Em caso de d\u00favidas, ou por qualquer outro problema com seu processo de filia\u00e7\u00e3o, contate a secretaria do Sindicato atrav\u00e9s dos seguintes canais:<br \/>\n<\/span><\/p>\n<\/div>\n<div>\n<div><span style=\"color: #000000; font-family: arial, sans-serif;\">E-mail:\u00a0<a href=\"mailto:secretaria@sinprofaz.org.br\" target=\"_blank\" rel=\"noopener\">secretaria@sinprofaz.<wbr \/>org.br<\/a><\/span><\/div>\n<\/div>\n<div>\n<div><span style=\"color: #000000; font-family: arial, sans-serif;\">WhatsApp: (61) 9206 1524<\/span><\/div>\n<\/div>\n<div><span style=\"color: #000000; font-family: arial, sans-serif;\">Telefones: (61) 3964 1215 &#8211;\u00a03964-1216 &#8211;\u00a03964-1218 &#8211;\u00a03964-1220<\/span><\/div>\n","protected":false},"excerpt":{"rendered":"<p>1) Acesse o menu FILIADOS, no topo direito do site SINPROFAZ. 2) Acesse o sub-menu\u00a0Formul\u00e1rio de Filia\u00e7\u00e3o. 3) O formul\u00e1rio ser\u00e1 aberto em nova p\u00e1gina no seu navegador. Preencha-o corretamente com as informa\u00e7\u00f5es solicitadas. 4) Clique no bot\u00e3o \u201cRegistrar\u201c. 4.1) Caso ocorra algum problema no encaminhamento do formul\u00e1rio, realize o seguinte procedimento: a) Clique com&#8230;<\/p>\n","protected":false},"author":1,"featured_media":0,"parent":2605,"menu_order":0,"comment_status":"closed","ping_status":"closed","template":"","meta":{"footnotes":""},"_links":{"self":[{"href":"https:\/\/sinprofaz.org.br\/2024\/wp-json\/wp\/v2\/pages\/2614"}],"collection":[{"href":"https:\/\/sinprofaz.org.br\/2024\/wp-json\/wp\/v2\/pages"}],"about":[{"href":"https:\/\/sinprofaz.org.br\/2024\/wp-json\/wp\/v2\/types\/page"}],"author":[{"embeddable":true,"href":"https:\/\/sinprofaz.org.br\/2024\/wp-json\/wp\/v2\/users\/1"}],"replies":[{"embeddable":true,"href":"https:\/\/sinprofaz.org.br\/2024\/wp-json\/wp\/v2\/comments?post=2614"}],"version-history":[{"count":8,"href":"https:\/\/sinprofaz.org.br\/2024\/wp-json\/wp\/v2\/pages\/2614\/revisions"}],"predecessor-version":[{"id":14201,"href":"https:\/\/sinprofaz.org.br\/2024\/wp-json\/wp\/v2\/pages\/2614\/revisions\/14201"}],"up":[{"embeddable":true,"href":"https:\/\/sinprofaz.org.br\/2024\/wp-json\/wp\/v2\/pages\/2605"}],"wp:attachment":[{"href":"https:\/\/sinprofaz.org.br\/2024\/wp-json\/wp\/v2\/media?parent=2614"}],"curies":[{"name":"wp","href":"https:\/\/api.w.org\/{rel}","templated":true}]}}