{"id":2585,"date":"2016-02-17T18:26:17","date_gmt":"2016-02-17T18:26:17","guid":{"rendered":"http:\/\/www.sinprofaz.org.br\/2016\/?page_id=2585"},"modified":"2025-08-21T13:46:15","modified_gmt":"2025-08-21T16:46:15","slug":"delegacias-sindicais","status":"publish","type":"page","link":"https:\/\/sinprofaz.org.br\/2024\/institucional\/delegacias-sindicais\/","title":{"rendered":"DELEGACIAS SINDICAIS (Estados e Regi\u00f5es)"},"content":{"rendered":"<p><img decoding=\"async\" src=\"http:\/\/www.sinprofaz.org.br\/images\/stories\/brasoes-estados\/acre-brasao.jpg\" alt=\"\" \/>\u00a0<strong>ACRE<\/strong><br \/>\nSem delegado sindical<\/p>\n<p>&nbsp;<\/p>\n<p><img loading=\"lazy\" decoding=\"async\" class=\"alignnone\" src=\"http:\/\/www.sinprofaz.org.br\/images\/stories\/brasoes-estados\/alagoas-brasao.jpg\" alt=\"\" width=\"50\" height=\"55\" \/> <strong>ALAGOAS<\/strong><br \/>\nLICIANE TEN\u00d3RIO CAVALCANTE \u2013 Titular<\/p>\n<p>&nbsp;<\/p>\n<p><img loading=\"lazy\" decoding=\"async\" class=\"alignnone\" src=\"http:\/\/www.sinprofaz.org.br\/images\/stories\/brasoes-estados\/amapa-brasao.jpg\" alt=\"\" width=\"50\" height=\"55\" \/> <strong>AMAP\u00c1<\/strong><br \/>\nGUILHERME DE OLIVEIRA VILLELA &#8211; Titular<\/p>\n<p>&nbsp;<\/p>\n<p><img loading=\"lazy\" decoding=\"async\" class=\"alignnone\" src=\"http:\/\/www.sinprofaz.org.br\/images\/stories\/brasoes-estados\/amazonas-brasao.jpg\" alt=\"\" width=\"50\" height=\"55\" \/> <strong>AMAZONAS<\/strong><br \/>\nSem delegado sindical<\/p>\n<p>&nbsp;<\/p>\n<p><img loading=\"lazy\" decoding=\"async\" class=\"alignnone\" src=\"http:\/\/www.sinprofaz.org.br\/images\/stories\/brasoes-estados\/bahia-brasao.jpg\" alt=\"\" width=\"50\" height=\"55\" \/> <strong>BAHIA<\/strong><\/p>\n<p>EDUARDO AUGUSTO COELHO DE SANTANA \u2013 Titular<br \/>\nROBERTO LEVY BASTOS MANATTA \u2013 Suplente<\/p>\n<p>&nbsp;<\/p>\n<p><img loading=\"lazy\" decoding=\"async\" class=\"alignnone\" src=\"http:\/\/www.sinprofaz.org.br\/images\/stories\/brasoes-estados\/ceara-brasao.jpg\" alt=\"\" width=\"50\" height=\"55\" \/> <strong>CEAR\u00c1<\/strong><br \/>\nRONALDO ANT\u00d4NIO ARA\u00daJO PRADO \u2013 Titular<\/p>\n<p>&nbsp;<\/p>\n<p><img loading=\"lazy\" decoding=\"async\" class=\"alignnone\" src=\"http:\/\/www.sinprofaz.org.br\/images\/stories\/brasoes-estados\/df-brasao.jpg\" alt=\"\" width=\"50\" height=\"55\" \/> <strong>DISTRITO FEDERAL<\/strong><br \/>\nSem delegado sindical<\/p>\n<p>&nbsp;<\/p>\n<p><img loading=\"lazy\" decoding=\"async\" class=\"alignnone\" src=\"http:\/\/www.sinprofaz.org.br\/images\/stories\/brasoes-estados\/es-brasao.jpg\" alt=\"\" width=\"50\" height=\"55\" \/> <strong>ESP\u00cdRITO SANTO<\/strong><br \/>\nALBERTO CANELLAS NETO &#8211; Titular<\/p>\n<p>&nbsp;<\/p>\n<p><img loading=\"lazy\" decoding=\"async\" class=\"alignnone\" src=\"http:\/\/www.sinprofaz.org.br\/images\/stories\/brasoes-estados\/goias-brasao.jpg\" alt=\"\" width=\"50\" height=\"55\" \/> <strong>GOI\u00c1S<\/strong><br \/>\nVIN\u00cdCIUS DE FREITAS ESCOBAR &#8211; Titular<br \/>\nADILSON FONSECA C\u00c9SAR J\u00daNIOR &#8211; Suplente<\/p>\n<p>&nbsp;<\/p>\n<p><img loading=\"lazy\" decoding=\"async\" class=\"alignnone\" src=\"http:\/\/www.sinprofaz.org.br\/images\/stories\/brasoes-estados\/maranhao-brasao.jpg\" alt=\"\" width=\"50\" height=\"55\" \/> <strong>MARANH\u00c3O<br \/>\n<\/strong>Sem delegado sindical<\/p>\n<p>&nbsp;<\/p>\n<p><img loading=\"lazy\" decoding=\"async\" class=\"alignnone\" src=\"http:\/\/www.sinprofaz.org.br\/images\/stories\/brasoes-estados\/mato-grosso-brasao.jpg\" alt=\"\" width=\"50\" height=\"55\" \/> <strong>MATO GROSSO<\/strong><br \/>\nMARIA JOS\u00c9 DO NASCIMENTO VIEIRA DA SILVA \u2013 Titular<br \/>\nBRUNO SODR\u00c9 DANTAS \u2013 Suplente<\/p>\n<p>&nbsp;<\/p>\n<p><img loading=\"lazy\" decoding=\"async\" class=\"alignnone\" src=\"http:\/\/www.sinprofaz.org.br\/images\/stories\/brasoes-estados\/mato-grosso-do-sul-brasao.jpg\" alt=\"\" width=\"50\" height=\"55\" \/> <strong>MATO GROSSO DO SUL<\/strong><br \/>\nSem delegado sindical<\/p>\n<p>&nbsp;<\/p>\n<p><img loading=\"lazy\" decoding=\"async\" class=\"alignnone\" src=\"http:\/\/www.sinprofaz.org.br\/images\/stories\/brasoes-estados\/minas-gerais-brasao.jpg\" alt=\"\" width=\"50\" height=\"55\" \/> <strong>MINAS GERAIS<\/strong><br \/>\n<!--VANESSA ROCHA CALDEIRA BRANT - Titular-->BRUNO PORTELLA DOS SANTOS &#8211; Titular<br \/>\nRENATA BAPTISTA DE OLIVEIRA VASCONCELLOS &#8211; Suplente<br \/>\nDAVID CARRANO ALBUQUERQUE &#8211; Suplente<\/p>\n<p>&nbsp;<\/p>\n<p><img loading=\"lazy\" decoding=\"async\" class=\"alignnone\" src=\"http:\/\/www.sinprofaz.org.br\/images\/stories\/brasoes-estados\/para-brasao.jpg\" alt=\"\" width=\"50\" height=\"55\" \/> <strong>PAR\u00c1<\/strong><br \/>\nJO\u00c3O GABRIEL MOREIRA CAVALLEIRO DE MAC\u00caDO RIBEIRO &#8211; Titular<\/p>\n<p>&nbsp;<\/p>\n<p><img loading=\"lazy\" decoding=\"async\" class=\"alignnone\" src=\"http:\/\/www.sinprofaz.org.br\/images\/stories\/brasoes-estados\/paraiba-brasao.jpg\" alt=\"\" width=\"50\" height=\"55\" \/> <strong>PARA\u00cdBA<\/strong><br \/>\nADRIANO JOS\u00c9 SUASSUNA DE LIMA &#8211; Titular<\/p>\n<p>&nbsp;<\/p>\n<p><img loading=\"lazy\" decoding=\"async\" class=\"alignnone\" src=\"http:\/\/www.sinprofaz.org.br\/images\/stories\/brasoes-estados\/parana-brasao.jpg\" alt=\"\" width=\"50\" height=\"55\" \/> <strong>PARAN\u00c1<\/strong><br \/>\nSem delegado sindical<\/p>\n<p>&nbsp;<\/p>\n<p><img loading=\"lazy\" decoding=\"async\" class=\"alignnone\" src=\"http:\/\/www.sinprofaz.org.br\/images\/stories\/brasoes-estados\/pernambuco-brasao.jpg\" alt=\"\" width=\"50\" height=\"55\" \/> <strong>PERNAMBUCO<\/strong><br \/>\nADRIANA REIS ALBUQUERQUE \u2013 Titular<\/p>\n<p>&nbsp;<\/p>\n<p><img loading=\"lazy\" decoding=\"async\" class=\"alignnone\" src=\"http:\/\/www.sinprofaz.org.br\/images\/stories\/brasoes-estados\/piaui-brasao.jpg\" alt=\"\" width=\"50\" height=\"55\" \/> <strong>PIAU\u00cd<\/strong><br \/>\nSem delegado sindical<\/p>\n<p>&nbsp;<\/p>\n<p><img loading=\"lazy\" decoding=\"async\" class=\"alignnone\" src=\"http:\/\/www.sinprofaz.org.br\/images\/stories\/brasoes-estados\/rj-brasao.jpg\" alt=\"\" width=\"50\" height=\"55\" \/> <strong>RIO DE JANEIRO<\/strong><br \/>\nINGRID ABREU BIONDI CASTRO &#8211; Titular<br \/>\nDANIELLE NASCIMENTO DE SOUZA LINHARES &#8211; Suplente<\/p>\n<p>&nbsp;<\/p>\n<p><img loading=\"lazy\" decoding=\"async\" class=\"alignnone\" src=\"http:\/\/www.sinprofaz.org.br\/images\/stories\/brasoes-estados\/rio-grande-do-norte-brasao.jpg\" alt=\"\" width=\"50\" height=\"55\" \/> <strong>RIO GRANDE DO NORTE<\/strong><br \/>\nSem delegado sindical<\/p>\n<p>&nbsp;<\/p>\n<p><img loading=\"lazy\" decoding=\"async\" class=\"alignnone\" src=\"http:\/\/www.sinprofaz.org.br\/images\/stories\/brasoes-estados\/rio-grande-do-sul-brasao.jpg\" alt=\"\" width=\"50\" height=\"55\" \/> <strong>RIO GRANDE DO SUL<br \/>\n<\/strong>DEYSI CRISTINA DAROLT &#8211; Titular<br \/>\nGABRIEL MACHADO MOREIRA &#8211; Suplente<\/p>\n<p>&nbsp;<\/p>\n<p><img loading=\"lazy\" decoding=\"async\" class=\"alignnone\" src=\"http:\/\/www.sinprofaz.org.br\/images\/stories\/brasoes-estados\/rondonia-brasao.jpg\" alt=\"\" width=\"50\" height=\"55\" \/> <strong>ROND\u00d4NIA<\/strong><br \/>\nSem delegado sindical<\/p>\n<p>&nbsp;<\/p>\n<p><img loading=\"lazy\" decoding=\"async\" class=\"alignnone\" src=\"http:\/\/www.sinprofaz.org.br\/images\/stories\/brasoes-estados\/roraima-brasao.jpg\" alt=\"\" width=\"50\" height=\"55\" \/> <strong>RORAIMA<\/strong><br \/>\nADAUTO CRUZ SCHETINE JUNIOR &#8211; Titular<\/p>\n<p>&nbsp;<\/p>\n<p><img loading=\"lazy\" decoding=\"async\" class=\"alignnone\" src=\"http:\/\/www.sinprofaz.org.br\/images\/stories\/brasoes-estados\/santa-catarina.jpg\" alt=\"\" width=\"50\" height=\"55\" \/> <strong>SANTA CATARINA<\/strong><br \/>\nFRANCISCO JOS\u00c9 TARSO DE SABOIA &#8211; Titular<br \/>\nFERNANDO JOS\u00c9 BUZZI &#8211; Suplente<\/p>\n<p>&nbsp;<\/p>\n<p><img loading=\"lazy\" decoding=\"async\" class=\"alignnone\" src=\"http:\/\/www.sinprofaz.org.br\/images\/stories\/brasoes-estados\/sergipe-brasao.jpg\" alt=\"\" width=\"50\" height=\"55\" \/> <strong>SERGIPE<\/strong><br \/>\nOMAR FERREIRA DE ARA\u00daJO RAMOS FILHO &#8211; Titular<\/p>\n<p>&nbsp;<\/p>\n<p><img loading=\"lazy\" decoding=\"async\" class=\"alignnone\" src=\"http:\/\/www.sinprofaz.org.br\/images\/stories\/brasoes-estados\/sp-brasao.jpg\" alt=\"\" width=\"50\" height=\"55\" \/>\u00a0<strong>S\u00c3O PAULO<\/strong><br \/>\nD\u00c9BORA LET\u00cdCIA FAUSTINO &#8211; Titular<br \/>\nANDR\u00c9 FERNANDO DE OLIVEIRA QUEIROZ &#8211; Suplente<\/p>\n<p>&nbsp;<\/p>\n<p><img loading=\"lazy\" decoding=\"async\" class=\"alignnone\" src=\"http:\/\/www.sinprofaz.org.br\/images\/stories\/brasoes-estados\/tocantins-brasao.jpg\" alt=\"\" width=\"50\" height=\"55\" \/> <strong>TOCANTINS<\/strong><br \/>\nAILTON LABOISSIERE VILLELA &#8211; Titular<\/p>\n<p>&nbsp;<\/p>\n<div><\/div>\n","protected":false},"excerpt":{"rendered":"<p>\u00a0ACRE Sem delegado sindical &nbsp; ALAGOAS LICIANE TEN\u00d3RIO CAVALCANTE \u2013 Titular &nbsp; AMAP\u00c1 GUILHERME DE OLIVEIRA VILLELA &#8211; Titular &nbsp; AMAZONAS Sem delegado sindical &nbsp; BAHIA EDUARDO AUGUSTO COELHO DE SANTANA \u2013 Titular ROBERTO LEVY BASTOS MANATTA \u2013 Suplente &nbsp; CEAR\u00c1 RONALDO ANT\u00d4NIO ARA\u00daJO PRADO \u2013 Titular &nbsp; DISTRITO FEDERAL Sem delegado sindical &nbsp; ESP\u00cdRITO&#8230;<\/p>\n","protected":false},"author":1,"featured_media":0,"parent":2581,"menu_order":0,"comment_status":"closed","ping_status":"closed","template":"","meta":{"footnotes":""},"_links":{"self":[{"href":"https:\/\/sinprofaz.org.br\/2024\/wp-json\/wp\/v2\/pages\/2585"}],"collection":[{"href":"https:\/\/sinprofaz.org.br\/2024\/wp-json\/wp\/v2\/pages"}],"about":[{"href":"https:\/\/sinprofaz.org.br\/2024\/wp-json\/wp\/v2\/types\/page"}],"author":[{"embeddable":true,"href":"https:\/\/sinprofaz.org.br\/2024\/wp-json\/wp\/v2\/users\/1"}],"replies":[{"embeddable":true,"href":"https:\/\/sinprofaz.org.br\/2024\/wp-json\/wp\/v2\/comments?post=2585"}],"version-history":[{"count":99,"href":"https:\/\/sinprofaz.org.br\/2024\/wp-json\/wp\/v2\/pages\/2585\/revisions"}],"predecessor-version":[{"id":20076,"href":"https:\/\/sinprofaz.org.br\/2024\/wp-json\/wp\/v2\/pages\/2585\/revisions\/20076"}],"up":[{"embeddable":true,"href":"https:\/\/sinprofaz.org.br\/2024\/wp-json\/wp\/v2\/pages\/2581"}],"wp:attachment":[{"href":"https:\/\/sinprofaz.org.br\/2024\/wp-json\/wp\/v2\/media?parent=2585"}],"curies":[{"name":"wp","href":"https:\/\/api.w.org\/{rel}","templated":true}]}}