{"id":2583,"date":"2016-02-17T18:25:57","date_gmt":"2016-02-17T18:25:57","guid":{"rendered":"http:\/\/www.sinprofaz.org.br\/2016\/?page_id=2583"},"modified":"2025-07-23T19:46:47","modified_gmt":"2025-07-23T22:46:47","slug":"diretoria","status":"publish","type":"page","link":"https:\/\/sinprofaz.org.br\/2024\/institucional\/diretoria\/","title":{"rendered":"DIRETORIA"},"content":{"rendered":"<style>\n  #gestao {\n    max-width: 600px;\n    margin: 0 auto;\n    padding: 20px;\n    text-align: center;\n  }\n  .titulo {\n    font-size: 1.5em;\n    font-weight: bold;\n    margin-bottom: 40px;\n  }\n  .diretoria {\n    width: 300px;\n    margin: 20px auto;\n    text-align: center;\n  }\n  .diretoria img {\n    display: block;\n    margin: 0 auto 0.5em;\n    width: 120px;\n    height: 150px;\n    object-fit: cover;\n    border-radius: 4px;\n  }\n  .diretoria p {\n    margin: 0;\n    line-height: 1.2;\n    text-align: center;\n  }\n  .diretoria p strong {\n    display: block;\n    margin-bottom: 0.3em;\n  }\n<\/style>\n<p>&nbsp;<\/p>\n<div id=\"gestao\">\n<div class=\"titulo\">Gest\u00e3o 2025 \u2013 2027<\/div>\n<div class=\"diretoria\">\n    <img decoding=\"async\" src=\"https:\/\/sinprofaz.org.br\/2024\/wp-content\/uploads\/2025\/07\/Valeria-Gomes-02.png\" alt=\"Val\u00e9ria Gomes Ferreira\"><\/p>\n<p><strong>Presidente<\/strong>Val\u00e9ria Gomes Ferreira<\/p>\n<\/p><\/div>\n<div class=\"diretoria\">\n    <img decoding=\"async\" src=\"https:\/\/sinprofaz.org.br\/2024\/wp-content\/uploads\/2025\/07\/Carlos-Alexandre.png\" alt=\"Carlos Alexandre Dias Torres\"><\/p>\n<p><strong>Vice\u2011Presidente<\/strong>Carlos Alexandre Dias Torres<\/p>\n<\/p><\/div>\n<div class=\"diretoria\">\n    <img decoding=\"async\" src=\"https:\/\/sinprofaz.org.br\/2024\/wp-content\/uploads\/2025\/07\/Rafael-Carlos-Cruz-de-Oliveira.png\" alt=\"Rafael Carlos Cruz de Oliveira\"><\/p>\n<p><strong>Diretor Secret\u00e1rio<\/strong>Rafael Carlos Cruz de Oliveira<\/p>\n<\/p><\/div>\n<div class=\"diretoria\">\n    <img decoding=\"async\" src=\"https:\/\/sinprofaz.org.br\/2024\/wp-content\/uploads\/2025\/07\/Rodrigo-Mellet.png\" alt=\"Rodrigo Oliveira Mellet\"><\/p>\n<p><strong>Diretor Administrativo<\/strong>Rodrigo Oliveira Mellet<\/p>\n<\/p><\/div>\n<div class=\"diretoria\">\n    <img decoding=\"async\" src=\"https:\/\/sinprofaz.org.br\/2024\/wp-content\/uploads\/2025\/07\/Carla-Cristina-Rocha-Guerra.png\" alt=\"Carla Cristina Rocha Guerra\"><\/p>\n<p><strong>Diretora de Rela\u00e7\u00f5es Intersindicais<\/strong>Carla Cristina Rocha Guerra<\/p>\n<\/p><\/div>\n<div class=\"diretoria\">\n    <img decoding=\"async\" src=\"https:\/\/sinprofaz.org.br\/2024\/wp-content\/uploads\/2025\/07\/Ricardo-Almeida-Zacharias.png\" alt=\"Ricardo Almeida Zacharias\"><\/p>\n<p><strong>Diretor de Assuntos Profissionais e Estudos T\u00e9cnicos<\/strong>Ricardo Almeida Zacharias<\/p>\n<\/p><\/div>\n<div class=\"diretoria\">\n    <img decoding=\"async\" src=\"https:\/\/sinprofaz.org.br\/2024\/wp-content\/uploads\/2025\/07\/Danielle-Mendes-Pinheiro.png\" alt=\"Danielle Mendes Pinheiro\"><\/p>\n<p><strong>Diretora de Assuntos Parlamentares<\/strong>Danielle Mendes Pinheiro<\/p>\n<\/p><\/div>\n<div class=\"diretoria\">\n    <img decoding=\"async\" src=\"https:\/\/sinprofaz.org.br\/2024\/wp-content\/uploads\/2025\/07\/Paulo-Roberto-Fernandes-Goncalves.png\" alt=\"Paulo Roberto Fernandes Gon\u00e7alves\"><\/p>\n<p><strong>Diretor Jur\u00eddico<\/strong>Paulo Roberto Fernandes Gon\u00e7alves<\/p>\n<\/p><\/div>\n<div class=\"diretoria\">\n    <img decoding=\"async\" src=\"https:\/\/sinprofaz.org.br\/2024\/wp-content\/uploads\/2025\/07\/Keila-Morganna-Gomes-de-Melo.png\" alt=\"Keila Morganna Gomes de Melo\"><\/p>\n<p><strong>Diretora de Comunica\u00e7\u00e3o Social<\/strong>Keila Morganna Gomes de Melo<\/p>\n<\/p><\/div>\n<div class=\"diretoria\">\n    <img decoding=\"async\" src=\"https:\/\/sinprofaz.org.br\/2024\/wp-content\/uploads\/2025\/07\/Maria-Aparecida-Silva.png\" alt=\"Maria Aparecida Silva\"><\/p>\n<p><strong>Diretora de Assuntos Relativos aos Aposentados e Servi\u00e7os Assistenciais<\/strong>Maria Aparecida Silva<\/p>\n<\/p><\/div>\n<div class=\"diretoria\">\n    <img decoding=\"async\" src=\"https:\/\/sinprofaz.org.br\/2024\/wp-content\/uploads\/2025\/07\/Michelle-Cavalcante-02.png\" alt=\"Michelle Cavalcante Rodrigues da Cunha\"><\/p>\n<p><strong>Diretora Cultural e de Eventos<\/strong>Michelle Cavalcante Rodrigues da Cunha<\/p>\n<\/p><\/div>\n<div class=\"diretoria\">\n    <img decoding=\"async\" src=\"https:\/\/sinprofaz.org.br\/2024\/wp-content\/uploads\/2025\/07\/Erick-Joseph-Rabelo-Chagas.png\" alt=\"Erick Joseph Rabelo Chagas\"><\/p>\n<p><strong>Diretor Suplente<\/strong>Erick Joseph Rabelo Chagas<\/p>\n<\/p><\/div>\n<div class=\"diretoria\">\n    <img decoding=\"async\" src=\"https:\/\/sinprofaz.org.br\/2024\/wp-content\/uploads\/2025\/07\/Charles-Ruce-Oliveira-Silva-1.png\" alt=\"Charles Ruce Oliveira Silva\"><\/p>\n<p><strong>Diretor Suplente<\/strong>Charles Ruce Oliveira Silva<\/p>\n<\/p><\/div>\n<div class=\"diretoria\">\n    <img decoding=\"async\" src=\"https:\/\/sinprofaz.org.br\/2024\/wp-content\/uploads\/2025\/07\/Caio-Cavalcanti-Amorim-Martins.png\" alt=\"Caio Cavalcanti Amorim Martins\"><\/p>\n<p><strong>Diretor Suplente<\/strong>Caio Cavalcanti Amorim Martins<\/p>\n<\/p><\/div>\n<\/div>\n","protected":false},"excerpt":{"rendered":"<p>&nbsp; Gest\u00e3o 2025 \u2013 2027 PresidenteVal\u00e9ria Gomes Ferreira Vice\u2011PresidenteCarlos Alexandre Dias Torres Diretor Secret\u00e1rioRafael Carlos Cruz de Oliveira Diretor AdministrativoRodrigo Oliveira Mellet Diretora de Rela\u00e7\u00f5es IntersindicaisCarla Cristina Rocha Guerra Diretor de Assuntos Profissionais e Estudos T\u00e9cnicosRicardo Almeida Zacharias Diretora de Assuntos ParlamentaresDanielle Mendes Pinheiro Diretor Jur\u00eddicoPaulo Roberto Fernandes Gon\u00e7alves Diretora de Comunica\u00e7\u00e3o SocialKeila Morganna Gomes&#8230;<\/p>\n","protected":false},"author":1,"featured_media":0,"parent":2581,"menu_order":0,"comment_status":"closed","ping_status":"closed","template":"","meta":{"footnotes":""},"_links":{"self":[{"href":"https:\/\/sinprofaz.org.br\/2024\/wp-json\/wp\/v2\/pages\/2583"}],"collection":[{"href":"https:\/\/sinprofaz.org.br\/2024\/wp-json\/wp\/v2\/pages"}],"about":[{"href":"https:\/\/sinprofaz.org.br\/2024\/wp-json\/wp\/v2\/types\/page"}],"author":[{"embeddable":true,"href":"https:\/\/sinprofaz.org.br\/2024\/wp-json\/wp\/v2\/users\/1"}],"replies":[{"embeddable":true,"href":"https:\/\/sinprofaz.org.br\/2024\/wp-json\/wp\/v2\/comments?post=2583"}],"version-history":[{"count":140,"href":"https:\/\/sinprofaz.org.br\/2024\/wp-json\/wp\/v2\/pages\/2583\/revisions"}],"predecessor-version":[{"id":19951,"href":"https:\/\/sinprofaz.org.br\/2024\/wp-json\/wp\/v2\/pages\/2583\/revisions\/19951"}],"up":[{"embeddable":true,"href":"https:\/\/sinprofaz.org.br\/2024\/wp-json\/wp\/v2\/pages\/2581"}],"wp:attachment":[{"href":"https:\/\/sinprofaz.org.br\/2024\/wp-json\/wp\/v2\/media?parent=2583"}],"curies":[{"name":"wp","href":"https:\/\/api.w.org\/{rel}","templated":true}]}}